{"id":28624,"date":"2023-09-12T08:11:21","date_gmt":"2023-09-12T05:11:21","guid":{"rendered":"http:\/\/klqewmpxo.cyon.link\/?page_id=28624"},"modified":"2025-11-19T10:08:38","modified_gmt":"2025-11-19T08:08:38","slug":"startseite-1-neu-astrid","status":"publish","type":"page","link":"https:\/\/azalas.de\/en\/","title":{"rendered":"Startseite"},"content":{"rendered":"<div>\n<div class=\"n2_ss_slider_publish__option_code\" data-mode=\"id\" dir=\"ltr\"><\/div>\n<\/div>\n<ul>\n<li>\n<p>        <img decoding=\"async\" src=\"\/wp-content\/uploads\/photos\/azalas\/cottages\/upper_row-3.jpg\" alt=\"\"><\/p>\n<div>Ferienh\u00e4user ><\/div>\n<p><a href=\"\/ferienhaeuser-azalas\/\"><\/a><\/p>\n<\/li>\n<li>\n<p>        <img decoding=\"async\" src=\"\/wp-content\/uploads\/photos\/naxos\/sights\/panagia_drosiani-1.jpg\" alt=\"\"><\/p>\n<div>Naxos: Kultur ><\/div>\n<p><a href=\"\/naxos-kultur\/\"><\/a><\/p>\n<\/li>\n<li>\n<p>        <img decoding=\"async\" src=\"\/wp-content\/uploads\/photos\/naxos\/flora\/iridaceae\/crocus_laevigatus-1.jpg\" alt=\"\"><\/p>\n<div>Naxos: Natur ><\/div>\n<p><a href=\"\/naxos-natur\/\"><\/a><\/p>\n<\/li>\n<li>\n<p>        <img decoding=\"async\" src=\"\/wp-content\/uploads\/2024\/12\/T073110-1_1500.jpg\" alt=\"\"><\/p>\n<div>Aktuelles ><\/div>\n<p><a href=\"https:\/\/azalas.de\/de\/category\/aktuelles-aus-azalas\/\"><\/a><\/p>\n<\/li>\n<\/ul>\n<hr>\n<h3>Besondere Ank\u00fcndigungen:<\/h3>\n<div>\n<h3><font size=\"5\">&#8211; Neu: <a href=\"https:\/\/azalas.de\/bild-des-tages\/\"><u>Bild des Tages<\/u><\/a><\/font><\/h3>\n<\/div>\n<h3><font size=\"3\">Besondere Ank\u00fcndigungen:<\/font><br \/>\n<\/h3>\n<div>&#8211; Neu: <a href=\"https:\/\/azalas.de\/bild-des-tages\/\"><u>Bild des Tages<\/u><\/a><\/div>\n<p><!--more--><br \/>\n<!-- {\"type\":\"layout\",\"children\":[{\"type\":\"section\",\"props\":{\"css\":\"el-section {background-color: #ffffff}\",\"height_offset_top\":false,\"height_viewport\":1300,\"image_height\":1200,\"image_position\":\"center-center\",\"image_width\":1500,\"padding\":\"xsmall\",\"style\":\"default\",\"title_breakpoint\":\"xl\",\"title_position\":\"top-left\",\"title_rotation\":\"left\",\"vertical_align\":\"middle\",\"width\":\"default\"},\"children\":[{\"type\":\"row\",\"children\":[{\"type\":\"column\",\"props\":{\"image_position\":\"center-center\",\"position_sticky_breakpoint\":\"m\"},\"children\":[{\"type\":\"text\",\"props\":{\"column_breakpoint\":\"m\",\"content\":\"\n\n<div class=\\\"n2_ss_slider_publish__option_code\\\" data-mode=\\\"id\\\" dir=\\\"ltr\\\">[smartslider3 slider=\\\"15\\\"]<\\\/div>\",\"content_el\":\"\n\n<div class=\\\"n2_ss_slider_publish__option_code\\\" data-mode=\\\"id\\\" dir=\\\"ltr\\\">[smartslider3 slider=\\\"17\\\"]<\\\/div>\",\"content_en_gb\":\"\n\n<div class=\\\"n2_ss_slider_publish__option_code\\\" data-mode=\\\"id\\\" dir=\\\"ltr\\\">[smartslider3 slider=\\\"16\\\"]<\\\/div>\",\"margin\":\"default\"},\"name\":\"Smartslider Module\"},{\"type\":\"grid\",\"props\":{\"content_column_breakpoint\":\"m\",\"content_margin\":\"small\",\"css\":\"@media screen and (min-width:768px) {\\n\\\/* Bei jedem gr\\u00f6\\u00dferen Monitor kommen neue Regeln hinzu *\\\/\\n.el-section {display:none;}\\n}\\n\",\"filter_align\":\"left\",\"filter_all\":true,\"filter_grid_breakpoint\":\"m\",\"filter_grid_width\":\"auto\",\"filter_position\":\"top\",\"filter_style\":\"tab\",\"grid_column_gap\":\"medium\",\"grid_default\":\"2\",\"grid_divider\":false,\"grid_medium\":\"4\",\"grid_row_gap\":\"medium\",\"grid_small\":\"2\",\"icon_width\":80,\"image_align\":\"top\",\"image_grid_breakpoint\":\"m\",\"image_grid_width\":\"1-2\",\"image_link\":true,\"image_loading\":true,\"image_svg_color\":\"emphasis\",\"item_animation\":true,\"lightbox_bg_close\":true,\"link_style\":\"default\",\"link_target\":false,\"link_text\":\"\",\"margin\":\"small\",\"meta_align\":\"below-title\",\"meta_element\":\"div\",\"meta_style\":\"text-meta\",\"panel_link\":true,\"panel_link_hover\":\"true\",\"panel_padding\":\"small\",\"panel_style\":\"tile-muted\",\"show_content\":true,\"show_hover_image\":true,\"show_hover_video\":true,\"show_image\":true,\"show_link\":true,\"show_meta\":true,\"show_title\":true,\"show_video\":true,\"text_align\":\"left\",\"title_align\":\"top\",\"title_color\":\"secondary\",\"title_element\":\"div\",\"title_grid_breakpoint\":\"m\",\"title_grid_width\":\"1-2\",\"title_hover_style\":\"reset\",\"title_link\":true,\"title_margin\":\"small\",\"title_style\":\"text-small\"},\"children\":[{\"type\":\"grid_item\",\"props\":{\"image\":\"wp-content\\\/uploads\\\/photos\\\/azalas\\\/cottages\\\/upper_row-3.jpg\",\"link\":\"ferienhaeuser-azalas\\\/\",\"link_el\":\"https:\\\/\\\/azalas.de\\\/el\\\/holiday-homes-azalas\\\/\",\"link_en_gb\":\"https:\\\/\\\/azalas.de\\\/en\\\/holiday-homes-azalas\\\/\",\"title\":\"Ferienh\\u00e4user >\",\"title_el\":\"\\u039a\\u03b1\\u03c4\\u03bf\\u03b9\\u03ba\\u03af\\u03b5\\u03c2 \\u0391\\u03b6\\u03b1\\u03bb\\u03ac\\u03c2 >\",\"title_en_gb\":\"Holiday homes Azalas >\"}},{\"type\":\"grid_item\",\"props\":{\"image\":\"wp-content\\\/uploads\\\/photos\\\/naxos\\\/sights\\\/panagia_drosiani-1.jpg\",\"link\":\"naxos-kultur\\\/\",\"link_el\":\"https:\\\/\\\/azalas.de\\\/en\\\/naxos-culture\\\/\",\"link_en_gb\":\"https:\\\/\\\/azalas.de\\\/en\\\/naxos-culture\\\/\",\"title\":\"Naxos: Kultur >\",\"title_el\":\"\\u039d\\u03ac\\u03be\\u03bf\\u03c2: \\u03a0\\u03bf\\u03bb\\u03b9\\u03c4\\u03b9\\u03c3\\u03bc\\u03cc\\u03c2 >\",\"title_en_gb\":\"Naxos: Culture >\"}},{\"type\":\"grid_item\",\"props\":{\"image\":\"wp-content\\\/uploads\\\/photos\\\/naxos\\\/flora\\\/iridaceae\\\/crocus_laevigatus-1.jpg\",\"link\":\"naxos-natur\\\/\",\"link_el\":\"https:\\\/\\\/azalas.de\\\/en\\\/naxos-nature\\\/\",\"link_en_gb\":\"https:\\\/\\\/azalas.de\\\/en\\\/naxos-nature\\\/\",\"title\":\"Naxos: Natur >\",\"title_el\":\"\\u039d\\u03ac\\u03be\\u03bf\\u03c2: \\u03a6\\u03cd\\u03c3\\u03b7 >\",\"title_en_gb\":\"Naxos: Nature >\"}},{\"type\":\"grid_item\",\"props\":{\"image\":\"wp-content\\\/uploads\\\/2024\\\/12\\\/T073110-1_1500.jpg\",\"link\":\"https:\\\/\\\/azalas.de\\\/de\\\/category\\\/aktuelles-aus-azalas\\\/\",\"link_el\":\"https:\\\/\\\/azalas.de\\\/en\\\/category\\\/news-from-azalas\\\/\",\"link_en_gb\":\"https:\\\/\\\/azalas.de\\\/en\\\/category\\\/news-from-azalas\\\/\",\"title\":\"Aktuelles >\",\"title_el\":\"\\u039d\\u03ad\\u03b1 \\u03b1\\u03c0\\u03cc \\u03c4\\u03bf\\u03bd \\u0391\\u03b6\\u03b1\\u03bb\\u03ac >\",\"title_en_gb\":\"News from Azalas >\"}}]}]}],\"props\":{\"margin\":\"remove-vertical\"}}]},{\"type\":\"section\",\"props\":{\"image_position\":\"center-center\",\"padding\":\"small\",\"padding_remove_top\":false,\"style\":\"default\",\"title_breakpoint\":\"xl\",\"title_position\":\"top-left\",\"title_rotation\":\"left\",\"vertical_align\":\"middle\",\"width\":\"default\"},\"children\":[{\"type\":\"row\",\"children\":[{\"type\":\"column\",\"props\":{\"image_position\":\"center-center\",\"position_sticky_breakpoint\":\"m\"},\"children\":[{\"type\":\"divider\",\"props\":{\"divider_element\":\"hr\"}}]}]}]},{\"type\":\"section\",\"props\":{\"css\":\".el-row {background-color: #f5efe7; padding-top:80px; padding-bottom:100px; padding-left:15px}\\n@media screen and (max-width:768px) {\\n\\\/* Zus\\u00e4tzliche Regeln f\\u00fcr kleinere Monitore *\\\/\\n.el-section {display:none;}\\n}\",\"image_position\":\"center-center\",\"padding\":\"large\",\"style\":\"default\",\"title_breakpoint\":\"xl\",\"title_position\":\"top-left\",\"title_rotation\":\"left\",\"vertical_align\":\"middle\",\"width\":\"default\"},\"children\":[{\"type\":\"row\",\"props\":{\"margin\":\"large\"},\"children\":[{\"type\":\"column\",\"props\":{\"image_position\":\"center-center\",\"position_sticky_breakpoint\":\"m\"},\"children\":[{\"type\":\"headline\",\"props\":{\"content\":\"Besondere Ank\\u00fcndigungen:\",\"content_el\":\"\\u0391\\u03bd\\u03b1\\u03ba\\u03bf\\u03b9\\u03bd\\u03ce\\u03c3\\u03b5\\u03b9\\u03c2:\",\"content_en_gb\":\"Special announcements:\",\"margin\":\"default\",\"title_color\":\"danger\",\"title_element\":\"h3\"}},{\"type\":\"text\",\"props\":{\"column_breakpoint\":\"m\",\"content\":\"\n\n<h3><font size=\\\"5\\\">- Neu: <a href=\\\"https:\\\/\\\/azalas.de\\\/bild-des-tages\\\/\\\"><u>Bild des Tages<\\\/u><\\\/a><\\\/font><\\\/h3>\",\"content_el\":\"\n\n<h3><font size=\\\"5\\\">- New: <a href=\\\"https:\\\/\\\/azalas.de\\\/en\\\/picture-of-the-day\\\/\\\"><u>Picture of the day<\\\/u><\\\/a><\\\/font><\\\/h3>\",\"content_en_gb\":\"\n\n<h3><font size=\\\"5\\\">- New: <a href=\\\"https:\\\/\\\/azalas.de\\\/en\\\/picture-of-the-day\\\/\\\"><u>Picture of the day<\\\/u><\\\/a><\\\/font><\\\/h3>\",\"margin\":\"default\",\"text_color\":\"secondary\",\"text_style\":\"small\"}}]}]}],\"name\":\"Ank\\u00fcndigungen Computer und Tablet\"},{\"type\":\"section\",\"props\":{\"css\":\".el-row {background-color: #f5efe7; padding-top:25px; padding-bottom:35px; padding-left:15px}\\n@media screen and (min-width:768px) {\\n\\\/* Bei jedem gr\\u00f6\\u00dferen Monitor kommen neue Regeln hinzu *\\\/\\n.el-section {display:none;}\\n}\",\"image_position\":\"center-center\",\"padding\":\"large\",\"style\":\"default\",\"title_breakpoint\":\"xl\",\"title_position\":\"top-left\",\"title_rotation\":\"left\",\"vertical_align\":\"middle\",\"width\":\"default\"},\"children\":[{\"type\":\"row\",\"props\":{\"margin\":\"large\"},\"children\":[{\"type\":\"column\",\"props\":{\"image_position\":\"center-center\",\"position_sticky_breakpoint\":\"m\"},\"children\":[{\"type\":\"headline\",\"props\":{\"content\":\"<font size=\\\"3\\\">Besondere Ank\\u00fcndigungen:<\\\/font>\\n\",\"content_el\":\"<font size=\\\"3\\\">\\u0391\\u03bd\\u03b1\\u03ba\\u03bf\\u03b9\\u03bd\\u03ce\\u03c3\\u03b5\\u03b9\\u03c2:<\\\/font>\",\"content_en_gb\":\"<font size=\\\"3\\\">Special announcements:<\\\/font>\",\"margin\":\"default\",\"title_color\":\"danger\",\"title_element\":\"h3\"}},{\"type\":\"text\",\"props\":{\"column_breakpoint\":\"m\",\"content\":\"- Neu: <a href=\\\"https:\\\/\\\/azalas.de\\\/bild-des-tages\\\/\\\"><u>Bild des Tages<\\\/u><\\\/a>\",\"content_el\":\"- New: <a href=\\\"https:\\\/\\\/azalas.de\\\/en\\\/picture-of-the-day\\\/\\\"><u>Picture of the day<\\\/u><\\\/a>\",\"content_en_gb\":\" - New: <a href=\\\"https:\\\/\\\/azalas.de\\\/en\\\/picture-of-the-day\\\/\\\"><u>Picture of the day<\\\/u><\\\/a>\",\"margin\":\"default\",\"text_color\":\"secondary\",\"text_style\":\"small\"}}]}]}],\"name\":\"Ank\\u00fcndigungen Phone\"}],\"version\":\"4.5.27\",\"yooessentialsVersion\":\"2.4.6\"} --><\/p>\n","protected":false},"excerpt":{"rendered":"<p>Ferienh\u00e4user > Naxos: Kultur > Naxos: Natur > Aktuelles > Besondere Ank\u00fcndigungen: &#8211; Neu: Bild des Tages Besondere Ank\u00fcndigungen: &#8211; Neu: Bild des Tages<\/p>\n","protected":false},"author":4,"featured_media":0,"parent":0,"menu_order":0,"comment_status":"closed","ping_status":"closed","template":"","meta":{"footnotes":""},"class_list":["post-28624","page","type-page","status-publish","hentry"],"_links":{"self":[{"href":"https:\/\/azalas.de\/en\/wp-json\/wp\/v2\/pages\/28624","targetHints":{"allow":["GET"]}}],"collection":[{"href":"https:\/\/azalas.de\/en\/wp-json\/wp\/v2\/pages"}],"about":[{"href":"https:\/\/azalas.de\/en\/wp-json\/wp\/v2\/types\/page"}],"author":[{"embeddable":true,"href":"https:\/\/azalas.de\/en\/wp-json\/wp\/v2\/users\/4"}],"replies":[{"embeddable":true,"href":"https:\/\/azalas.de\/en\/wp-json\/wp\/v2\/comments?post=28624"}],"version-history":[{"count":667,"href":"https:\/\/azalas.de\/en\/wp-json\/wp\/v2\/pages\/28624\/revisions"}],"predecessor-version":[{"id":77100,"href":"https:\/\/azalas.de\/en\/wp-json\/wp\/v2\/pages\/28624\/revisions\/77100"}],"wp:attachment":[{"href":"https:\/\/azalas.de\/en\/wp-json\/wp\/v2\/media?parent=28624"}],"curies":[{"name":"wp","href":"https:\/\/api.w.org\/{rel}","templated":true}]}}