{"id":72510,"date":"2024-12-07T13:45:04","date_gmt":"2024-12-07T11:45:04","guid":{"rendered":"https:\/\/azalas.de\/de\/?page_id=72510"},"modified":"2024-12-11T13:11:33","modified_gmt":"2024-12-11T11:11:33","slug":"faq","status":"publish","type":"page","link":"https:\/\/azalas.de\/de\/faq\/","title":{"rendered":"FAQ &#8211; H\u00e4ufig gestellte Fragen"},"content":{"rendered":"<h3>\u2026\u00fcber die Ferienh\u00e4user Azalas<\/h3>\n<details>\n<summary>Wie weit liegen die Ferienh\u00e4user vom Meer entfernt?<\/summary>\n<p><em> &#8211; Das Grundst\u00fcck liegt direkt am Meer. Die Entfernung der unteren Ferienh\u00e4user (Liond\u00e1ri und Lemoni\u00e1) zum Meer betr\u00e4gt 45 m, die Entfernung der oberen Ferienh\u00e4user (Rodi\u00e1 und Eli\u00e1) 75 m. Zwischen dem Meer und den vorderen Ferienh\u00e4usern liegen die (nicht asphaltierte) Zufahrtsstra\u00dfe und zwei schmale Terrassen mit Weinst\u00f6cken sowie ein paar B\u00fcsche oder kleine B\u00e4ume. Vor den oberen Ferienh\u00e4usern liegen au\u00dferdem die unteren Ferienh\u00e4user (\u00fcber die man hinwegschaut) bzw. die gro\u00dfe Pergola und etwa 20 m Grundst\u00fcck mit offenen Fl\u00e4chen und ein paar B\u00fcschen und B\u00e4umen.<\/em><br \/>\n<\/details>\n<details>\n<summary>Wie weit sind die Ferienh\u00e4user vom Strand entfernt?<\/summary>\n<p><em> &#8211; W\u00e4hrend die K\u00fcste bei Agios Dimitris \u00fcberwiegend aus Felsen besteht, liegt in direkter N\u00e4he zum Grundst\u00fcck auch ein kleiner Sandstrand. Die Entfernung vom Eingang des Grundst\u00fcckes zum Sandstrand betr\u00e4gt 60 m; auf dem Grundst\u00fcck sind zus\u00e4tzlich zwischen etwa 40 m (Ferienhaus Liond\u00e1ri) und 100 m (Ferienhaus Eli\u00e1) zu laufen. Der Strand liegt in der letzten Stra\u00dfenkurve direkt vor dem Grundst\u00fcck und der Kapelle Agios Dimitris. &#8222;Unser&#8220; Sandstrand ist sehr sch\u00f6n, aber klein. Man steigt \u00fcber einen schmalen Pfad \u00fcber etwa 5 m H\u00f6henunterschied von der Stra\u00dfe zu ihm hinunter. Im Sommer ist es meist wellig; Schwimmen ist jedoch fast immer m\u00f6glich und es gibt keinen starken Sog. Nat\u00fcrlich gibt es viele weitere sch\u00f6ne Str\u00e4nde in der n\u00e4heren und weiteren Umgebung.<\/em><br \/>\n<\/details>\n<details>\n<summary>Haben alle Ferienh\u00e4user Meerblick?<\/summary>\n<p><em>&#8211; Ja, man hat von allen Ferienh\u00e4usern aus Meerblick, sowohl von der Veranda, als auch von den (vorderen) Fenstern im Schlaf- und im Wohnbereich. Die unteren Ferienh\u00e4user liegen in 14 m Meeresh\u00f6he, die oberen in 18 m (jeweils die H\u00f6he der Veranda).<\/em><br \/>\n<\/details>\n<details>\n<summary>Ben\u00f6tigt man ein Auto, um nach Azalas zu kommen?<\/summary>\n<p><em>&#8211; Wenn man sich die Insel anschauen m\u00f6chte, ist es nat\u00fcrlich besser, ein Auto zu mieten. Am besten bucht man den Mietwagen gleich von der Anreise an, da es Autovermietungen nur in Naxos-Stadt gibt. Von einem Motorrad raten wir ab, da die Stra\u00dfen steil und sehr kurvig sind &#8211; es passieren immer wieder Unf\u00e4lle. Auch von einem Squad k\u00f6nnen wir nur abraten &#8211; unter anderem, weil die n\u00e4chste Tankstelle auf der anderen Seite der Berge in etwa 15 km Entfernung liegt. Wenn Sie sich nur bei uns in der N\u00e4he aufhalten wollen, k\u00f6nnen Sie auch ohne Auto bei uns wohnen. Sie k\u00f6nnen mit dem Taxi kommen oder mit dem Bus &#8211; in dem Fall holen wir Sie von der Bushaltestelle ab (in Moutsouna oder Apiranthos). Wir k\u00f6nnen Ihnen, wenn Sie kein Auto haben, gern beim Einkaufen behilflich sein, Sie z.B. nach Moutsouna fahren oder etwas f\u00fcr Sie mitbringen.<\/em><br \/>\n<\/details>\n<details>\n<summary>Ben\u00f6tigt man Vierradantrieb?<\/summary>\n<p><em>&#8211; Im Sommer braucht man keinen Vierradantrieb, um zu unseren Ferienh\u00e4usern zu kommen. Meist wird die Erdstra\u00dfe (die letzten 2,5 km) im Lauf des Juni oder Juli gegl\u00e4ttet. Da die Stra\u00dfe trotzdem stellenweise etwas huckelig und steinig sein kann, ist es besser ein eher &#8222;hochbeiniges&#8220; Auto zu haben. Die \u00fcblichen Mietwagen sind gut geeignet. Im Lauf des Winters wird die Stra\u00dfe je nach Heftigkeit der Regenf\u00e4lle schlechter. Wenn man im Winter oder fr\u00fchen Fr\u00fchling kommt, ist es empfehlenswert, bei mir kurz vor der Reise den Zustand der Stra\u00dfe zu checken. Dass die Stra\u00dfe g\u00e4nzlich unbefahrbar wird, kommt nur sehr selten nach extremen Wetterereignissen vor; und sie wird dann auch schnell wieder befahrbar gemacht, da es ja eine ganze Reihe an ganzj\u00e4hrigen Einwohnern gibt.<\/em><br \/>\n<\/details>\n<details>\n<summary>Ist Fr\u00fchst\u00fcck inklusive? &#8211; und andere Themen rund ums Essen<\/summary>\n<p><em>&#8211; Wir bieten kein Fr\u00fchst\u00fcck an. Im Fr\u00fchling und Fr\u00fchsommer versorgen wir Sie gern (je nach Ernte und M\u00f6glichkeiten) mit selbstangebautem Gem\u00fcse. Sie k\u00f6nnen auch hausgebackenes Brot, selbstgemachten Wein und eigenes \u00d6l von uns bekommen &#8211; fragen Sie gern nach. In Moutsouna (in 3 km Entfernung) gibt es mehrere Tavernen, die den ganzen Sommer \u00fcber ge\u00f6ffnet sind; im Winter sind sie geschlossen.<\/em><br \/>\n<\/details>\n<details>\n<summary>Wo sind die n\u00e4chsten Einkaufsm\u00f6glichkeiten?<\/summary>\n<p><em>&#8211; Es gibt einen gut ausgestatteten Minimarkt in Moutsouna (in 3 km Entfernung), der im Sommer ganzt\u00e4gig und im Winter f\u00fcr ein paar Stunden am Tag ge\u00f6ffnet ist. Der n\u00e4chste gr\u00f6\u00dfere Supermarkt liegt in Chalki; kleinere L\u00e4den gibt es in allen D\u00f6rfern. F\u00fcr ausgefallenere Dinge oder Ihren ersten gr\u00f6\u00dferen Einkauf suchen Sie am besten die Superm\u00e4rkte in Naxos-Stadt auf (beispielsweise an der Stra\u00dfe zum Flughafen und an der Stra\u00dfe, die aus der Stadt hinaus Richtung D\u00f6rfer f\u00fchrt). Lokales Fleisch und lokalen Fisch kann man gegebenenfalls in den D\u00f6rfern in kleinen L\u00e4den kaufen; fragen Sie gern bei uns nach. (Bitte ber\u00fccksichtigen Sie, dass Fisch in Griechenland sehr teuer ist.)<\/em><br \/>\n<\/details>\n<details>\n<summary>Gibt es WiFi in den H\u00e4usern?<\/summary>\n<p><em>&#8211; Ja, in allen Ferienh\u00e4usern gibt es WiFi. Das Internet funktioniert im Allgemeinen zuverl\u00e4ssig; manchmal verbinden sich die Extender in den H\u00e4usern nicht einwandfrei mit dem Router, ein Problem, das sich jedoch normalerweise nach einiger Zeit von allein l\u00f6st; sonst probieren Sie es mit Aus- und wieder Einst\u00f6pseln. Die Telefonverbindung ist in den H\u00e4usern oft (je nach Anbieter) nicht so gut; weiter zum Meer hin wird es generell besser.<\/em><br \/>\n<\/details>\n<details>\n<summary>Gibt es eine Waschmaschine?<\/summary>\n<p><em>&#8211; Es gibt eine Waschmaschine, die von allen G\u00e4sten benutzt werden kann. Sie steht in einem Anbau hinter den vorderen Ferienh\u00e4usern. Waschpulver steht zur Verf\u00fcgung.<\/em><br \/>\n<\/details>\n<details>\n<summary>Gibt es eine Kaffeemaschine?<\/summary>\n<p><em>&#8211; Es gibt keine Kaffeemaschinen in den Ferienh\u00e4usern. Man kann Filterkaffee zubereiten (es gibt eine Thermoskanne und Trichter sowie Filtert\u00fcten) oder griechischen Kaffee oder Espresso mit einem Espressot\u00f6pfchen, oder nat\u00fcrlich Nescaf\u00e9.<\/em><br \/>\n<\/details>\n<details>\n<summary>Bettw\u00e4sche, Handt\u00fccher und sonstige Ausstattung<\/summary>\n<p><em>&#8211; Bettw\u00e4sche und Handt\u00fccher werden gestellt. Wenn Sie zus\u00e4tzliche W\u00e4sche haben m\u00f6chten, z.B. Handt\u00fccher f\u00fcr den Strand oder Decken zum Unterlegen bei den Betten, falls Ihnen die Matratzen zu hart sind, melden Sie sich jederzeit. Die K\u00fcchen sind mit allem Wesentlichen ausgestattet. Meist gibt es auch ein gewisses Sortiment an Gew\u00fcrzen. Wenn Ihnen etwas fehlt, k\u00f6nnen Sie gern jederzeit bei mir fragen.<\/em><br \/>\n<\/details>\n<details>\n<summary>Strandausr\u00fcstung<\/summary>\n<p><em>&#8211; Aufblasbare Matratzen und \u00c4hnliches zum Schwimmen sowie Sonnenschirme sind bei uns wegen des Windes im Sommer nur selten zu gebrauchen. F\u00fcr den Strand geeignete Hocker oder St\u00fchle kann ich leider keine zur Verf\u00fcgung stellen. Es gibt ein paar Schnorchel bei uns, die fr\u00fchere G\u00e4ste dagelassen haben, aber wenn m\u00f6glich sollten Sie besser Ihre eigene Ausr\u00fcstung mitbringen. Ebenso gibt es ein paar Kinderspielsachen f\u00fcr den Strand &#8211; fragen Sie gern nach.<\/em><br \/>\n<\/details>\n<details>\n<summary>M\u00fccken und andere Tiere<\/summary>\n<p><em>&#8211; An windstillen Tagen kann es bei uns M\u00fccken und kleine Moskitos geben, die abends auf der Veranda l\u00e4stig sein k\u00f6nnen. Die Fenster der H\u00e4user sind mit M\u00fcckengittern versehen; auf f\u00fcr die Betten gibt es M\u00fcckennetze (normalerweise in einem Kissenbezug auf oder neben dem Schrank). Au\u00dferdem k\u00f6nnen am Strand oder auf den Veranden gelegentlich einzelne Stechfliegen l\u00e4stig werden, und im Sp\u00e4tsommer kann es in manchen Jahren viele Wespen geben; im Herbst wiederum k\u00f6nnen vor den ersten Regenf\u00e4llen an windstillen Tagen viele Fliegen auftauchen und in die H\u00e4user kommen. Wir empfehlen grunds\u00e4tzlich die T\u00fcr m\u00f6glichst geschlossen zu halten, um ungeliebte G\u00e4ste aller Art drau\u00dfen zu halten. <\/p>\n<p>&#8211; Wir haben mehrere Katzen, die sich gern mit den G\u00e4sten anfreunden und sich f\u00fcttern lassen. Bitte denken Sie daran, dass die Katzen etwas aufdringlich werden k\u00f6nnen und auch gern auf Ihren Betten schlafen w\u00fcrden; wenn Sie das nicht m\u00f6chten, f\u00fcttern Sie die Katzen besser nicht und halten Sie gegebenenfalls die Haust\u00fcr zu. Bitte lassen Sie auch kein Essen unbewacht auf der Veranda stehen &#8211; unsere Katzen k\u00f6nnten dann glauben, dass es f\u00fcr sie gedacht ist.<br \/>\n<\/em><br \/>\n<\/details>\n<details>\n<summary>Wie ist das Wetter auf Naxos?<\/summary>\n<p><em>&#8211; Hitze: Naxos hat im Sommer die niedrigsten Temperaturen von allen k\u00fcstennahen Gebieten in Griechenland. Trotzdem ist es im Juli und August und oft auch im Juni und September hei\u00df. Normalerweise liegen die Temperaturen etwas \u00fcber 30 Grad. Wegen der geringen Feuchtigkeit und des fast st\u00e4ndigen Windes ist das bei uns gut auszuhalten. Manchmal ist es \u00fcber einige Tage oder &#8211; in Zeiten des Klimawandels &#8211; auch \u00fcber l\u00e4ngere Zeit &#8222;richtig&#8220; hei\u00df, mit Temperaturen von 35\u00b0 C oder mehr. Nachts k\u00fchlt es sich kaum ab, und morgens ist es meist schnell warm, da unsere Gegend nach Osten schaut und direkt von der Sonne getroffen wird. Wenn man Hitze mag, ist es wunderbar, aber f\u00fcr hitzeempfindliche Menschen ist Griechenland im Sommer nicht zu empfehlen. Wer zu uns kommt, sollte au\u00dferdem nichts gegen Wind haben &#8211; wir befinden uns in einer der windigeren Gegenden von Naxos.<\/p>\n<p>&#8211; K\u00e4lte: Im Winter liegen die Temperaturen bei uns meist zwischen 10 und 20 Grad; manchmal kann es f\u00fcr l\u00e4ngere Zeit auch unter 10\u00b0 sein bei einer Mindesttemperatur von knapp \u00fcber dem Gefrierpunkt (auf den Bergen kann es auch schneien). Das Wetter ist meistens mild und fr\u00fchlingshaft und oft gibt es l\u00e4ngere Perioden mit wenig Wind, aber zwischendurch kann wochenlang ein k\u00fchler, durchdringender Nordwind blasen. Die Ferienh\u00e4user sind mit Kamin und kleinem elektischen Heizk\u00f6rper recht gut zu heizen; allerdings sind T\u00fcren und Fenster nicht gut isoliert, so dass es k\u00fchl hereinzieht. Wir h\u00e4ngen in den k\u00e4ltesten Perioden gegebenenfalls eine Decke vor das Schlafzimmerfenster und vor die T\u00fcr. Ein Aufenthalt im Winter ist sehr reizvoll und bietet eine ganz andere Erfahrung als der \u00fcbliche Sommerurlaub; man sollte jedoch darauf eingestellt sein, dass man es in Griechenland mit &#8222;Luxus&#8220; wie warmen H\u00e4usern und warmem Wasser etwas einfacher h\u00e4lt. Was das warme Wasser betrifft, so wird das bei uns durch Sonnenkollektoren erzeugt; an wolkigen Tagen k\u00f6nnen wir das Wasser auch per Strom heizen.<br \/>\n<\/em><br \/>\n<\/details>\n<p>siehe auch:<\/p>\n<ul>\n<li><a href=\"http:\/\/azalas.de\/haeuser\/\">Die Ferienh\u00e4user<\/li>\n<li><a href=\"http:\/\/azalas.de\/fotogalerie-ferienhaeuser\/\">Fotogalerie &#8222;Ferienh\u00e4user Azalas&#8220;<\/li>\n<li><a href=\"http:\/\/azalas.de\/anreise\/\">Die Anreise<\/li>\n<li><a href=\"http:\/\/azalas.de\/was-man-braucht-und-was-nicht\/\">Was man braucht und was nicht<\/li>\n<li><a href=\"http:\/\/azalas.de\/straende\/\">Str\u00e4nde bei Agios Dimitris<\/li>\n<li><a href=\"http:\/\/azalas.de\/wetter\/\">Das Wetter auf Naxos<\/li>\n<\/ul>\n<p><a href=\"https:\/\/azalas.de\/inhaltsverzeichnis\/\">Zum Inhaltsverzeichnis<\/a><\/p>\n","protected":false},"excerpt":{"rendered":"<p>\u2026\u00fcber die Ferienh\u00e4user Azalas Wie weit liegen die Ferienh\u00e4user vom Meer entfernt? &#8211; Das Grundst\u00fcck liegt direkt am Meer. Die Entfernung der unteren Ferienh\u00e4user (Liond\u00e1ri und Lemoni\u00e1) zum Meer betr\u00e4gt 45 m, die Entfernung der oberen Ferienh\u00e4user (Rodi\u00e1 und Eli\u00e1) 75 m. Zwischen dem Meer und den vorderen Ferienh\u00e4usern liegen die (nicht asphaltierte) Zufahrtsstra\u00dfe und [&hellip;]<\/p>\n","protected":false},"author":4,"featured_media":0,"parent":0,"menu_order":0,"comment_status":"closed","ping_status":"closed","template":"","meta":{"footnotes":""},"class_list":["post-72510","page","type-page","status-publish","hentry"],"_links":{"self":[{"href":"https:\/\/azalas.de\/de\/wp-json\/wp\/v2\/pages\/72510","targetHints":{"allow":["GET"]}}],"collection":[{"href":"https:\/\/azalas.de\/de\/wp-json\/wp\/v2\/pages"}],"about":[{"href":"https:\/\/azalas.de\/de\/wp-json\/wp\/v2\/types\/page"}],"author":[{"embeddable":true,"href":"https:\/\/azalas.de\/de\/wp-json\/wp\/v2\/users\/4"}],"replies":[{"embeddable":true,"href":"https:\/\/azalas.de\/de\/wp-json\/wp\/v2\/comments?post=72510"}],"version-history":[{"count":14,"href":"https:\/\/azalas.de\/de\/wp-json\/wp\/v2\/pages\/72510\/revisions"}],"predecessor-version":[{"id":72532,"href":"https:\/\/azalas.de\/de\/wp-json\/wp\/v2\/pages\/72510\/revisions\/72532"}],"wp:attachment":[{"href":"https:\/\/azalas.de\/de\/wp-json\/wp\/v2\/media?parent=72510"}],"curies":[{"name":"wp","href":"https:\/\/api.w.org\/{rel}","templated":true}]}}