{"id":57420,"date":"2024-01-03T13:09:30","date_gmt":"2024-01-03T11:09:30","guid":{"rendered":"https:\/\/klqewmpxo.cyon.link\/?page_id=57420"},"modified":"2024-07-13T07:18:07","modified_gmt":"2024-07-13T04:18:07","slug":"kategorien","status":"publish","type":"page","link":"https:\/\/azalas.de\/de\/kategorien\/","title":{"rendered":"Kategorien-Verzeichnis"},"content":{"rendered":"<h1>Verzeichnis der Kategorien<\/h1>\n<div>\n<p>Eine thematisch sortierte Auflistung aller &#8222;stehenden&#8220; Beitr\u00e4ge dieser Webseite findet man im <a href=\"https:\/\/azalas.de\/inhaltsverzeichnis\/\">Inhaltsverzeichnis<\/a>; auf dieser Seite befindet sich das Verzeichnis der <strong>Kategorien<\/strong>, in die die Beitr\u00e4ge der Webseite eingeordnet sind.<\/p>\n<\/p>\n<p><strong>Der Unterschied zwischen dem Inhaltsverzeichnis und dem Kategorien-Verzeichnis:<\/strong><br \/>\nDie Kategorien beinhalten auch kurze  oder &#8222;aktuelle&#8220; Beitr\u00e4ge, die nicht zum &#8222;stehenden&#8220; Ger\u00fcst der Beitr\u00e4ge des Inhaltsverzeichnisses geh\u00f6ren, so gibt zum Thema &#8222;Wetter&#8220; beispielsweise einen Beitrag im Inhaltsverzeichnis \u00fcber &#8222;Regen, Hagel und Gewitter&#8220;, w\u00e4hrend in der Kategorie &#8222;Regen&#8220; mehrere weitere kleine Berichte \u00fcber starke  Regenf\u00e4lle bei uns auftauchen. Au\u00dferdem k\u00f6nnen die Kategorien verschiedene Themenbereiche  umfassen; so finden sich in der Kategorie &#8222;Apiranthos&#8220; beispielsweise alle Beitr\u00e4ge, die etwas mit Apiranthos zu tun haben, d.h. den Beitrag \u00fcber das Dorf selbst, Beitr\u00e4ge \u00fcber Sehensw\u00fcrdigkeiten in und um Apiranthos, \u00fcber Wanderungen bei Apiranthos und \u00fcber den traditionellen Karneval im Dorf.<\/p>\n<p>Unter den Kategorien tauchen jedoch nicht alle im Inhaltsverzeichnis enthaltenen Punkte auf, beispielsweise habe ich Kategorien nur f\u00fcr die Epochen der Geschichte von Naxos erstellt, zu denen es au\u00dfer dem Haupt-Artikel noch mindestens zwei weitere Beitr\u00e4ge gibt.<\/p><\/div>\n<h3>Verzeichnis der Kategorien<\/h3>\n<p><!--more--><br \/>\n<!-- {\"type\":\"layout\",\"children\":[{\"type\":\"section\",\"props\":{\"image_position\":\"center-center\",\"padding\":\"small\",\"padding_remove_bottom\":true,\"style\":\"default\",\"title_breakpoint\":\"xl\",\"title_position\":\"top-left\",\"title_rotation\":\"left\",\"vertical_align\":\"middle\",\"width\":\"default\"},\"children\":[{\"type\":\"row\",\"props\":{\"margin_remove_bottom\":false},\"children\":[{\"type\":\"column\",\"props\":{\"image_position\":\"center-center\",\"position_sticky_breakpoint\":\"m\"},\"children\":[{\"type\":\"headline\",\"props\":{\"content\":\"Verzeichnis der Kategorien\",\"content_en_gb\":\"Directory of the categories\",\"title_element\":\"h1\"}}]}]}],\"name\":\"Seitenname\"},{\"type\":\"section\",\"props\":{\"image_position\":\"center-center\",\"padding\":\"small\",\"padding_remove_bottom\":true,\"style\":\"default\",\"title_breakpoint\":\"xl\",\"title_position\":\"top-left\",\"title_rotation\":\"left\",\"vertical_align\":\"middle\",\"width\":\"default\"},\"children\":[{\"type\":\"row\",\"children\":[{\"type\":\"column\",\"props\":{\"image_position\":\"center-center\",\"position_sticky_breakpoint\":\"m\"},\"children\":[{\"type\":\"text\",\"props\":{\"column_breakpoint\":\"m\",\"content\":\"\n\n<p>Eine thematisch sortierte Auflistung aller \\\"stehenden\\\" Beitr\\u00e4ge dieser Webseite findet man im <a href=\\\"https:\\\/\\\/azalas.de\\\/inhaltsverzeichnis\\\/\\\">Inhaltsverzeichnis<\\\/a>; auf dieser Seite befindet sich das Verzeichnis der <strong>Kategorien<\\\/strong>, in die die Beitr\\u00e4ge der Webseite eingeordnet sind.<\\\/p>\\n\n\n<p><\\\/p>\\n<strong>Der Unterschied zwischen dem Inhaltsverzeichnis und dem Kategorien-Verzeichnis:<\\\/strong>\\nDie Kategorien beinhalten auch kurze  oder \\\"aktuelle\\\" Beitr\\u00e4ge, die nicht zum \\\"stehenden\\\" Ger\\u00fcst der Beitr\\u00e4ge des Inhaltsverzeichnisses geh\\u00f6ren, so gibt zum Thema \\\"Wetter\\\" beispielsweise einen Beitrag im Inhaltsverzeichnis \\u00fcber \\\"Regen, Hagel und Gewitter\\\", w\\u00e4hrend in der Kategorie \\\"Regen\\\" mehrere weitere kleine Berichte \\u00fcber starke  Regenf\\u00e4lle bei uns auftauchen. Au\\u00dferdem k\\u00f6nnen die Kategorien verschiedene Themenbereiche  umfassen; so finden sich in der Kategorie \\\"Apiranthos\\\" beispielsweise alle Beitr\\u00e4ge, die etwas mit Apiranthos zu tun haben, d.h. den Beitrag \\u00fcber das Dorf selbst, Beitr\\u00e4ge \\u00fcber Sehensw\\u00fcrdigkeiten in und um Apiranthos, \\u00fcber Wanderungen bei Apiranthos und \\u00fcber den traditionellen Karneval im Dorf.\\n\n\n<p><\\\/p>\\nUnter den Kategorien tauchen jedoch nicht alle im Inhaltsverzeichnis enthaltenen Punkte auf, beispielsweise habe ich Kategorien nur f\\u00fcr die Epochen der Geschichte von Naxos erstellt, zu denen es au\\u00dfer dem Haupt-Artikel noch mindestens zwei weitere Beitr\\u00e4ge gibt.\",\"content_en_gb\":\"A thematically sorted list of all \\\"standing\\\" articles on this website can be found in the <a href=\\\"https:\\\/\\\/azalas.de\\\/en\\\/content\\\/\\\">table of contents<\\\/a>; on this page you will find the <strong>list of the categories<\\\/strong> into which the articles on the website are categorised.\\n\n\n<p><\\\/p>\\n<strong>What is the difference between the table of contents and the list of categories?<\\\/strong>\\n\n\n<p><\\\/p>\\nThe categories contain additional short or \\\"topical\\\" posts that are not part of the \\\"standing\\\" framework of posts in the table of contents; for example, on the subject of \\\"Weather\\\" there is a post in the table of contents about \\\"Rain, hail and thunderstorms\\\", while in the \\\"Rain\\\" category there are also several other small reports about heavy rainfall in our area. In addition, the categories can cover different topics; for example, the category \\\"Apiranthos\\\" contains all articles that have something to do with Apiranthos, i.e. the article about the village itself, articles about sights in and around Apiranthos, about hikes near Apiranthos and about the traditional carnival in the village.\\n\n\n<p><\\\/p>\\nHowever, not all the items in the table of contents appear in some the category, for example I have only created categories for the periods of Naxos' history for which there are at least two other articles in addition to the main article.\\n\n\n<p><\\\/p>\\n<font color=\\\"#81033\\\"><strong>Please note that only a part of the web site has yet been translated into English!<\\\/strong> For the articles without translation try using Google translate (copy the URL and paste it into the field opening when you click on \\\"websites\\\").<\\\/p><\\\/font>\",\"margin\":\"default\"}}]}]}]},{\"type\":\"section\",\"props\":{\"image_position\":\"center-center\",\"padding\":\"small\",\"style\":\"default\",\"title_breakpoint\":\"xl\",\"title_position\":\"top-left\",\"title_rotation\":\"left\",\"vertical_align\":\"middle\",\"width\":\"default\"},\"children\":[{\"type\":\"row\",\"children\":[{\"type\":\"column\",\"props\":{\"image_position\":\"center-center\",\"position_sticky_breakpoint\":\"m\"},\"children\":[{\"type\":\"headline\",\"props\":{\"content\":\"Verzeichnis der Kategorien\",\"content_en_gb\":\"Directory of the Categories\",\"margin_remove_top\":false,\"title_element\":\"h3\"}},{\"name\":\"Position Match Height\",\"type\":\"module_position\",\"props\":{\"breakpoint\":\"m\",\"content\":\"builder-2\",\"divider\":false,\"layout\":\"grid\",\"match\":true,\"vertical_align\":true}}]}]}],\"name\":\"Kategorien-Men\\u00fc-Liste\"}],\"version\":\"4.2.11\",\"yooessentialsVersion\":\"2.1.3\"} --><\/p>\n","protected":false},"excerpt":{"rendered":"<p>Verzeichnis der Kategorien Eine thematisch sortierte Auflistung aller &#8222;stehenden&#8220; Beitr\u00e4ge dieser Webseite findet man im Inhaltsverzeichnis; auf dieser Seite befindet sich das Verzeichnis der Kategorien, in die die Beitr\u00e4ge der Webseite eingeordnet sind. Der Unterschied zwischen dem Inhaltsverzeichnis und dem Kategorien-Verzeichnis: Die Kategorien beinhalten auch kurze oder &#8222;aktuelle&#8220; Beitr\u00e4ge, die nicht zum &#8222;stehenden&#8220; Ger\u00fcst der [&hellip;]<\/p>\n","protected":false},"author":1779,"featured_media":0,"parent":0,"menu_order":0,"comment_status":"closed","ping_status":"closed","template":"","meta":{"footnotes":""},"class_list":["post-57420","page","type-page","status-publish","hentry"],"_links":{"self":[{"href":"https:\/\/azalas.de\/de\/wp-json\/wp\/v2\/pages\/57420","targetHints":{"allow":["GET"]}}],"collection":[{"href":"https:\/\/azalas.de\/de\/wp-json\/wp\/v2\/pages"}],"about":[{"href":"https:\/\/azalas.de\/de\/wp-json\/wp\/v2\/types\/page"}],"author":[{"embeddable":true,"href":"https:\/\/azalas.de\/de\/wp-json\/wp\/v2\/users\/1779"}],"replies":[{"embeddable":true,"href":"https:\/\/azalas.de\/de\/wp-json\/wp\/v2\/comments?post=57420"}],"version-history":[{"count":25,"href":"https:\/\/azalas.de\/de\/wp-json\/wp\/v2\/pages\/57420\/revisions"}],"predecessor-version":[{"id":67552,"href":"https:\/\/azalas.de\/de\/wp-json\/wp\/v2\/pages\/57420\/revisions\/67552"}],"wp:attachment":[{"href":"https:\/\/azalas.de\/de\/wp-json\/wp\/v2\/media?parent=57420"}],"curies":[{"name":"wp","href":"https:\/\/api.w.org\/{rel}","templated":true}]}}